{"id":1817,"date":"2021-12-15T14:01:39","date_gmt":"2021-12-15T14:01:39","guid":{"rendered":"https:\/\/tipstreetwear.it\/que-es-tip\/"},"modified":"2022-12-01T14:11:44","modified_gmt":"2022-12-01T14:11:44","slug":"que-es-tip","status":"publish","type":"page","link":"https:\/\/tipstudios.it\/es\/que-es-tip\/","title":{"rendered":"QUE ES TIP"},"content":{"rendered":"<p>[et_pb_section fb_built=\u00bb1&#8243; custom_padding_last_edited=\u00bbon|phone\u00bb admin_label=\u00bbsection\u00bb _builder_version=\u00bb4.14.4&#8243; custom_margin_tablet=\u00bb\u00bb custom_margin_phone=\u00bb\u00bb custom_margin_last_edited=\u00bbon|desktop\u00bb custom_padding_tablet=\u00bb0px||||false|false\u00bb custom_padding_phone=\u00bb0px||||false|false\u00bb global_colors_info=\u00bb{}\u00bb][et_pb_row custom_padding_last_edited=\u00bbon|phone\u00bb _builder_version=\u00bb4.14.4&#8243; _module_preset=\u00bbdefault\u00bb width=\u00bb90%\u00bb max_width=\u00bb100%\u00bb custom_padding_tablet=\u00bb||0px||false|false\u00bb custom_padding_phone=\u00bb||0px||false|false\u00bb locked=\u00bboff\u00bb global_colors_info=\u00bb{}\u00bb][et_pb_column type=\u00bb4_4&#8243; _builder_version=\u00bb4.14.2&#8243; _module_preset=\u00bbdefault\u00bb global_colors_info=\u00bb{}\u00bb][et_pb_text _builder_version=\u00bb4.14.4&#8243; _module_preset=\u00bbdefault\u00bb header_text_align=\u00bbcenter\u00bb header_2_text_align=\u00bbcenter\u00bb global_colors_info=\u00bb{}\u00bb]<\/p>\n<h1 class=\"dnxt-text-divider-spacing\"><img loading=\"lazy\" decoding=\"async\" width=\"178\" height=\"13\" src=\"https:\/\/tipstudios.it\/wp-content\/uploads\/2021\/12\/line.png\" alt=\"l\u00ednea\" class=\"wp-image-138 alignnone size-full line_title\"> QUE ES TIP <img loading=\"lazy\" decoding=\"async\" width=\"178\" height=\"13\" src=\"https:\/\/tipstudios.it\/wp-content\/uploads\/2021\/12\/line.png\" alt=\"l\u00ednea\" class=\"wp-image-138 alignnone size-full line_title\"><\/h1>\n<h2><\/h2>\n<p>[\/et_pb_text][\/et_pb_column][\/et_pb_row][et_pb_row column_structure=\u00bb1_2,1_2&#8243; custom_padding_last_edited=\u00bbon|phone\u00bb _builder_version=\u00bb4.14.4&#8243; _module_preset=\u00bbdefault\u00bb custom_margin=\u00bb||||false|false\u00bb custom_padding_tablet=\u00bb0px||||false|false\u00bb custom_padding_phone=\u00bb0px||||false|false\u00bb global_colors_info=\u00bb{}\u00bb][et_pb_column type=\u00bb1_2&#8243; _builder_version=\u00bb4.14.4&#8243; _module_preset=\u00bbdefault\u00bb global_colors_info=\u00bb{}\u00bb][et_pb_text _builder_version=\u00bb4.14.4&#8243; _module_preset=\u00bbdefault\u00bb width=\u00bb100%\u00bb module_alignment=\u00bbcenter\u00bb locked=\u00bboff\u00bb global_colors_info=\u00bb{}\u00bb]<\/p>\n<p><span>TIP propone una l\u00ednea de ropa streetwear exclusiva, cercana a los j\u00f3venes y su actitud ante la vida. <\/span><\/p>\n<p><span>TIP, indica la direcci\u00f3n a seguir, como la punta de una flecha De su nombre ha nacido el logotipo de la marca que est\u00e1 formado por dos tri\u00e1ngulos equil\u00e1teros, uno lleno y otro vac\u00edo, especulares entre s\u00ed, con sendos significados espec\u00edficos.<\/span><\/p>\n<p><span>El tri\u00e1ngulo lleno representa una flecha estilizada y significa DIRECCI\u00d3N, precisamente como la definici\u00f3n de TIP.<\/span><br \/><span>Tip se distingue por la calidad de los materiales y el cuidado de los detalles en los acabados. Las prendas nacen para ser mezcladas unas a otras, estratificadas, sobrepuestas libremente si seguir c\u00f3digos previamente establecidos.<\/span><\/p>\n<p><span>Precisamente es este el motivo por el cual el joven que viste TIP sabe lo que quiere y quiere distinguirse de la masa teniendo claro que direcci\u00f3n seguir.<\/span><\/p>\n<p>[\/et_pb_text][et_pb_image src=\u00bbhttps:\/\/tipstudios.it\/wp-content\/uploads\/2021\/12\/about-tip-1.jpg\u00bb alt=\u00bbTip Ropa de calle de punta\u00bb title_text=\u00bbTip Ropa de calle de punta\u00bb align=\u00bbcenter\u00bb _builder_version=\u00bb4.14.4&#8243; _module_preset=\u00bbdefault\u00bb background_enable_image=\u00bboff\u00bb custom_margin=\u00bb50px||0px||false|false\u00bb custom_padding=\u00bb2px||0px||false|false\u00bb animation_style=\u00bbslide\u00bb animation_direction=\u00bbleft\u00bb animation_duration=\u00bb3000ms\u00bb animation_delay=\u00bb100ms\u00bb animation_intensity_slide=\u00bb7%\u00bb hover_enabled=\u00bb0&#8243; locked=\u00bboff\u00bb global_colors_info=\u00bb{}\u00bb sticky_enabled=\u00bb0&#8243;][\/et_pb_image][et_pb_text _builder_version=\u00bb4.14.4&#8243; _module_preset=\u00bbdefault\u00bb width=\u00bb100%\u00bb module_alignment=\u00bbcenter\u00bb custom_margin=\u00bb50px||||false|false\u00bb locked=\u00bboff\u00bb global_colors_info=\u00bb{}\u00bb]<\/p>\n<p>Las empresas que producen para nosotros son realidades italianas de excelencia que trabajan en el sector de la confecci\u00f3n y la producci\u00f3n de ropa de alta calidad.<\/p>\n<p>Son artesanos que cuidan con maestr\u00eda sus acabados como solo el Made in Italy puede garantizar respetando un ciclo de producci\u00f3n sostenible que tiene lugar exclusivamente en nuestro territorio.<\/p>\n<p>Cada una de nuestras prendas se entrega en un paquete personalizado, en una valiosa caja realizada de manera artesanal en exclusiva para TIP.<\/p>\n<p>[\/et_pb_text][et_pb_image src=\u00bbhttps:\/\/tipstudios.it\/wp-content\/uploads\/2022\/01\/tip-scatole-2.jpg\u00bb alt=\u00bbTio\u00bb title_text=\u00bbTio\u00bb align=\u00bbcenter\u00bb _builder_version=\u00bb4.14.4&#8243; _module_preset=\u00bbdefault\u00bb background_enable_image=\u00bboff\u00bb custom_margin=\u00bb50px||0px||false|false\u00bb custom_padding=\u00bb2px||0px||false|false\u00bb animation_style=\u00bbslide\u00bb animation_direction=\u00bbleft\u00bb animation_duration=\u00bb3000ms\u00bb animation_delay=\u00bb100ms\u00bb animation_intensity_slide=\u00bb7%\u00bb locked=\u00bboff\u00bb global_colors_info=\u00bb{}\u00bb][\/et_pb_image][\/et_pb_column][et_pb_column type=\u00bb1_2&#8243; _builder_version=\u00bb4.14.4&#8243; _module_preset=\u00bbdefault\u00bb global_colors_info=\u00bb{}\u00bb][et_pb_image src=\u00bbhttps:\/\/tipstudios.it\/wp-content\/uploads\/2021\/12\/about-tip.jpg\u00bb alt=\u00bbTip Ropa de calle de punta\u00bb title_text=\u00bbTip Ropa de calle de punta\u00bb align=\u00bbcenter\u00bb _builder_version=\u00bb4.14.4&#8243; _module_preset=\u00bbdefault\u00bb background_enable_image=\u00bboff\u00bb custom_margin=\u00bb0px||0px||false|false\u00bb custom_padding=\u00bb2px||0px||false|false\u00bb animation_style=\u00bbslide\u00bb animation_direction=\u00bbright\u00bb hover_enabled=\u00bb0&#8243; global_colors_info=\u00bb{}\u00bb animation_intensity_slide=\u00bb7%\u00bb sticky_enabled=\u00bb0&#8243;][\/et_pb_image][et_pb_image src=\u00bbhttps:\/\/tipstudios.it\/wp-content\/uploads\/2021\/12\/about-tip-3-1.jpg\u00bb alt=\u00bbTip Ropa de calle de punta\u00bb title_text=\u00bbTip Ropa de calle de punta\u00bb align=\u00bbcenter\u00bb _builder_version=\u00bb4.14.4&#8243; _module_preset=\u00bbdefault\u00bb background_enable_image=\u00bboff\u00bb custom_margin=\u00bb50px||0px||false|false\u00bb custom_padding=\u00bb2px||0px||false|false\u00bb animation_direction=\u00bbright\u00bb hover_enabled=\u00bb0&#8243; locked=\u00bboff\u00bb global_colors_info=\u00bb{}\u00bb sticky_enabled=\u00bb0&#8243;][\/et_pb_image][\/et_pb_column][\/et_pb_row][\/et_pb_section]<\/p>\n","protected":false},"excerpt":{"rendered":"<p>QUE ES TIP TIP propone una l\u00ednea de ropa streetwear exclusiva, cercana a los j\u00f3venes y su actitud ante la vida. TIP, indica la direcci\u00f3n a seguir, como la punta de una flecha De su nombre ha nacido el logotipo de la marca que est\u00e1 formado por dos tri\u00e1ngulos equil\u00e1teros, uno lleno y otro vac\u00edo, [&hellip;]<\/p>\n","protected":false},"author":1,"featured_media":0,"parent":0,"menu_order":0,"comment_status":"closed","ping_status":"closed","template":"","meta":{"_acf_changed":false,"_et_pb_use_builder":"on","_et_pb_old_content":"","_et_gb_content_width":"","footnotes":""},"class_list":["post-1817","page","type-page","status-publish","hentry"],"acf":[],"_links":{"self":[{"href":"https:\/\/tipstudios.it\/es\/wp-json\/wp\/v2\/pages\/1817","targetHints":{"allow":["GET"]}}],"collection":[{"href":"https:\/\/tipstudios.it\/es\/wp-json\/wp\/v2\/pages"}],"about":[{"href":"https:\/\/tipstudios.it\/es\/wp-json\/wp\/v2\/types\/page"}],"author":[{"embeddable":true,"href":"https:\/\/tipstudios.it\/es\/wp-json\/wp\/v2\/users\/1"}],"replies":[{"embeddable":true,"href":"https:\/\/tipstudios.it\/es\/wp-json\/wp\/v2\/comments?post=1817"}],"version-history":[{"count":0,"href":"https:\/\/tipstudios.it\/es\/wp-json\/wp\/v2\/pages\/1817\/revisions"}],"wp:attachment":[{"href":"https:\/\/tipstudios.it\/es\/wp-json\/wp\/v2\/media?parent=1817"}],"curies":[{"name":"wp","href":"https:\/\/api.w.org\/{rel}","templated":true}]}}