{"id":2116,"date":"2021-12-16T15:31:12","date_gmt":"2021-12-16T15:31:12","guid":{"rendered":"https:\/\/tipstreetwear.it\/pagos-seguros\/"},"modified":"2021-12-16T15:31:12","modified_gmt":"2021-12-16T15:31:12","slug":"pagos-seguros","status":"publish","type":"page","link":"https:\/\/tipstudios.it\/es\/pagos-seguros\/","title":{"rendered":"Pagos seguros"},"content":{"rendered":"<p>Para realizar su compra en www.tipstreetwear.it puede elegir el m\u00e9todo de pago :<\/p>\n<p>PAGO SEGURO CON TARJETA DE CR\u00c9DITO<br \/>\nUtilizando los circuitos Visa Mastercard y PostePay, puede realizar pagos seguros a trav\u00e9s de STRIPE para proteger su seguridad.<\/p>\n<p>PAGO A TRAV\u00c9S DE PAYPAL<br \/>\nSi tiene una cuenta de PayPal, puede pagar sus compras con este m\u00e9todo de pago. Asociando una tarjeta de cr\u00e9dito Visa, Visa Electron y MasterCard (o una tarjeta prepago recargable) a su cuenta PayPal, o utilizando su saldo en l\u00ednea, puede pagar r\u00e1pidamente proporcionando la direcci\u00f3n de correo electr\u00f3nico y la contrase\u00f1a de su cuenta PayPal.<\/p>\n<p>PAGO POR TRANSFERENCIA BANCARIA<br \/>\nLos pagos pueden hacerse por transferencia bancaria por adelantado. Los datos bancarios se le facilitar\u00e1n cuando decida pagar y tambi\u00e9n se le enviar\u00e1n por correo electr\u00f3nico.<br \/>\nEl env\u00edo se tramitar\u00e1 una vez recibido el pago. Tardar\u00e1 entre 1 y 2 d\u00edas laborables m\u00e1s, dependiendo del banco utilizado.<\/p>\n","protected":false},"excerpt":{"rendered":"<p>Para realizar su compra en www.tipstreetwear.it puede elegir el m\u00e9todo de pago : PAGO SEGURO CON TARJETA DE CR\u00c9DITO Utilizando los circuitos Visa Mastercard y PostePay, puede realizar pagos seguros a trav\u00e9s de STRIPE para proteger su seguridad. PAGO A TRAV\u00c9S DE PAYPAL Si tiene una cuenta de PayPal, puede pagar sus compras con este [&hellip;]<\/p>\n","protected":false},"author":1,"featured_media":0,"parent":0,"menu_order":0,"comment_status":"closed","ping_status":"closed","template":"","meta":{"_acf_changed":false,"_et_pb_use_builder":"off","_et_pb_old_content":"","_et_gb_content_width":"","footnotes":""},"class_list":["post-2116","page","type-page","status-publish","hentry"],"acf":[],"_links":{"self":[{"href":"https:\/\/tipstudios.it\/es\/wp-json\/wp\/v2\/pages\/2116","targetHints":{"allow":["GET"]}}],"collection":[{"href":"https:\/\/tipstudios.it\/es\/wp-json\/wp\/v2\/pages"}],"about":[{"href":"https:\/\/tipstudios.it\/es\/wp-json\/wp\/v2\/types\/page"}],"author":[{"embeddable":true,"href":"https:\/\/tipstudios.it\/es\/wp-json\/wp\/v2\/users\/1"}],"replies":[{"embeddable":true,"href":"https:\/\/tipstudios.it\/es\/wp-json\/wp\/v2\/comments?post=2116"}],"version-history":[{"count":0,"href":"https:\/\/tipstudios.it\/es\/wp-json\/wp\/v2\/pages\/2116\/revisions"}],"wp:attachment":[{"href":"https:\/\/tipstudios.it\/es\/wp-json\/wp\/v2\/media?parent=2116"}],"curies":[{"name":"wp","href":"https:\/\/api.w.org\/{rel}","templated":true}]}}