{"id":2118,"date":"2021-12-17T09:27:22","date_gmt":"2021-12-17T09:27:22","guid":{"rendered":"https:\/\/tipstreetwear.it\/envio\/"},"modified":"2021-12-17T09:27:22","modified_gmt":"2021-12-17T09:27:22","slug":"envio","status":"publish","type":"page","link":"https:\/\/tipstudios.it\/es\/envio\/","title":{"rendered":"Env\u00edo"},"content":{"rendered":"<p>El coste del env\u00edo es de 6,90 euros. <\/p>\n<p>Los bienes adquiridos se enviar\u00e1n en un plazo de cuatro d\u00edas h\u00e1biles y a m\u00e1s tardar 30 (treinta) d\u00edas a partir de la fecha de celebraci\u00f3n del contrato. El plazo puede estar sujeto a cambios seg\u00fan el tipo de producto y la disponibilidad de existencias. <\/p>\n<p>No se puede atribuir ninguna responsabilidad al proveedor por el retraso o la falta de entrega debido a fuerza mayor o circunstancias imprevisibles. Il conteggio dei tempi di consegna non include il sabato, la domenica, le festivit\u00e0 ed altri casi particolari quali assenza del destinatario, luogo di consegna difficilmente raggiungibile ed altre problematiche imputabili direttamente al corriere e non dipendenti da TIP S.a.s..<\/p>\n","protected":false},"excerpt":{"rendered":"<p>El coste del env\u00edo es de 6,90 euros. Los bienes adquiridos se enviar\u00e1n en un plazo de cuatro d\u00edas h\u00e1biles y a m\u00e1s tardar 30 (treinta) d\u00edas a partir de la fecha de celebraci\u00f3n del contrato. El plazo puede estar sujeto a cambios seg\u00fan el tipo de producto y la disponibilidad de existencias. No se [&hellip;]<\/p>\n","protected":false},"author":1,"featured_media":0,"parent":0,"menu_order":0,"comment_status":"closed","ping_status":"closed","template":"","meta":{"_acf_changed":false,"_et_pb_use_builder":"off","_et_pb_old_content":"","_et_gb_content_width":"","footnotes":""},"class_list":["post-2118","page","type-page","status-publish","hentry"],"acf":[],"_links":{"self":[{"href":"https:\/\/tipstudios.it\/es\/wp-json\/wp\/v2\/pages\/2118","targetHints":{"allow":["GET"]}}],"collection":[{"href":"https:\/\/tipstudios.it\/es\/wp-json\/wp\/v2\/pages"}],"about":[{"href":"https:\/\/tipstudios.it\/es\/wp-json\/wp\/v2\/types\/page"}],"author":[{"embeddable":true,"href":"https:\/\/tipstudios.it\/es\/wp-json\/wp\/v2\/users\/1"}],"replies":[{"embeddable":true,"href":"https:\/\/tipstudios.it\/es\/wp-json\/wp\/v2\/comments?post=2118"}],"version-history":[{"count":0,"href":"https:\/\/tipstudios.it\/es\/wp-json\/wp\/v2\/pages\/2118\/revisions"}],"wp:attachment":[{"href":"https:\/\/tipstudios.it\/es\/wp-json\/wp\/v2\/media?parent=2118"}],"curies":[{"name":"wp","href":"https:\/\/api.w.org\/{rel}","templated":true}]}}