{"id":5088,"date":"2021-12-17T09:31:16","date_gmt":"2021-12-17T09:31:16","guid":{"rendered":"https:\/\/tipstreetwear.it\/devoluciones-y-reembolsos\/"},"modified":"2021-12-17T09:31:16","modified_gmt":"2021-12-17T09:31:16","slug":"devoluciones-y-reembolsos","status":"publish","type":"page","link":"https:\/\/tipstudios.it\/es\/devoluciones-y-reembolsos\/","title":{"rendered":"Devoluciones y reembolsos"},"content":{"rendered":"<p>Art. 9 &#8211; DERECHO DE DESISTIMIENTO Y DEVOLUCI\u00d3N POL\u00cdTICA 9.1. De conformidad con el art\u00edculo 52 y siguientes del Decreto Legislativo n\u00ba. n. 206\/2005, el Comprador podr\u00e1 ejercer el derecho de desistimiento devolviendo los bienes recibidos en su embalaje original, con todas las etiquetas originales, y obteniendo el reembolso del precio pagado. 9.2.El Comprador que, por cualquier motivo, no est\u00e9 satisfecho con la compra realizada, tiene derecho a desistir del contrato celebrado, sin penalizaci\u00f3n alguna y sin especificar el motivo, en un plazo de 14 d\u00edas naturales a partir del d\u00eda de la recepci\u00f3n de los bienes adquiridos. El derecho de desistimiento se ejercer\u00e1 respetando las condiciones obligatorias establecidas por TIP S.a.s. 9.3. Todos los gastos de devoluci\u00f3n de los productos correr\u00e1n a cargo del cliente que, directamente o por otros medios, deber\u00e1 entregarlos en la direcci\u00f3n del Proveedor en Piazza XX Settembre n.<br \/>\n24 &#8211; 33170 Pordenone &#8211; Italia; todos los art\u00edculos deben recibirse en las mismas condiciones en las que se recibieron, en su embalaje original y con todas las etiquetas que forman parte del paquete y el embalaje original; no est\u00e1 permitida la devoluci\u00f3n de los productos por ning\u00fan otro medio.  En cualquier caso, el Comprador s\u00f3lo ser\u00e1 responsable de la disminuci\u00f3n del valor de los bienes que resulte de una manipulaci\u00f3n de los mismos distinta a la necesaria para establecer la naturaleza, caracter\u00edsticas y funcionamiento de los mismos. 9.4. Para ejercer el derecho de desistimiento, el Comprador deber\u00e1, en el plazo indicado en el apartado 9.2 (14 d\u00edas naturales desde el d\u00eda de la recepci\u00f3n de los bienes adquiridos), enviar una carta certificada con acuse de recibo a la siguiente direcci\u00f3n TIP S.a.s., Piazza XX Settembre n. 24- 33170Pordenone &#8211; Italia.La carta certificada se considerar\u00e1 enviada a tiempo si se entrega en la oficina de correos aceptante en un plazo de 14 d\u00edas naturales a partir de la fecha de recepci\u00f3n de la mercanc\u00eda.La notificaci\u00f3n tambi\u00e9n puede enviarse por adelantado por correo electr\u00f3nico a amministrazione@tipstreetwear.ita, a la que seguir\u00e1 en un plazo de 48 horas la carta certificada antes mencionada con acuse de recibo confirmando el desistimiento manifiesto.<br \/>\nEl desistimiento tambi\u00e9n podr\u00e1 ejercerse mediante el siguiente <a href=\"https:\/\/tipstudios.it\/wp-content\/uploads\/2022\/03\/TIPSTREETWEAR_Modulo-di-Recesso.pdf\">FORMULARIO<\/a> que deber\u00e1 cumplimentarse, firmarse y enviarse a la direcci\u00f3n de correo electr\u00f3nico amministrazione@tipstreetwear.it 9.5 El cliente deber\u00e1 devolver los bienes o entregarlos al Proveedor sin demora indebida y, en cualquier caso, en el plazo de catorce d\u00edas a partir de la fecha en que haya comunicado al Proveedor su decisi\u00f3n de desistir del contrato.  El plazo se cumple si el cliente devuelve la mercanc\u00eda antes de que expire el plazo de catorce d\u00edas. TIP S.a.s.aceptar\u00e1 la mercanc\u00eda devuelta reserv\u00e1ndose el derecho de comprobar que los productos han sido devueltos en su estado original, en condiciones comparables a las que se encontrar\u00edan despu\u00e9s de haber sido probados en la tienda y con todos los embalajes y etiquetas originales; s\u00f3lo en este caso reembolsar\u00e1, en el plazo de 14 d\u00edas a partir del d\u00eda en que sea informada del desistimiento y con derecho expreso a suspender este plazo hasta la recepci\u00f3n de los bienes,el importe pagado por el Comprador por la compra de los productos o el importe diferente en caso de disminuci\u00f3n del valor de los bienes seg\u00fan el Art.<br \/>\n9.3.<br \/>\nEn caso de devoluci\u00f3n de prendas estropeadas o con signos evidentes de uso (manchas de maquillaje o pintalabios, sudor, etc.), o entregadas en nuestras instalaciones fuera del plazo de 14 d\u00edas, no se aceptar\u00e1 la devoluci\u00f3n; los productos se enviar\u00e1n de nuevo al cliente (a la misma direcci\u00f3n indicada en el momento de la compra) y se retendr\u00e1 el precio de compra en concepto de reembolso.  <\/p>\n","protected":false},"excerpt":{"rendered":"<p>Art. 9 &#8211; DERECHO DE DESISTIMIENTO Y DEVOLUCI\u00d3N POL\u00cdTICA 9.1. De conformidad con el art\u00edculo 52 y siguientes del Decreto Legislativo n\u00ba. n. 206\/2005, el Comprador podr\u00e1 ejercer el derecho de desistimiento devolviendo los bienes recibidos en su embalaje original, con todas las etiquetas originales, y obteniendo el reembolso del precio pagado. 9.2.El Comprador que, [&hellip;]<\/p>\n","protected":false},"author":1,"featured_media":0,"parent":0,"menu_order":0,"comment_status":"closed","ping_status":"closed","template":"","meta":{"_acf_changed":false,"_et_pb_use_builder":"","_et_pb_old_content":"","_et_gb_content_width":"","footnotes":""},"class_list":["post-5088","page","type-page","status-publish","hentry"],"acf":[],"_links":{"self":[{"href":"https:\/\/tipstudios.it\/es\/wp-json\/wp\/v2\/pages\/5088","targetHints":{"allow":["GET"]}}],"collection":[{"href":"https:\/\/tipstudios.it\/es\/wp-json\/wp\/v2\/pages"}],"about":[{"href":"https:\/\/tipstudios.it\/es\/wp-json\/wp\/v2\/types\/page"}],"author":[{"embeddable":true,"href":"https:\/\/tipstudios.it\/es\/wp-json\/wp\/v2\/users\/1"}],"replies":[{"embeddable":true,"href":"https:\/\/tipstudios.it\/es\/wp-json\/wp\/v2\/comments?post=5088"}],"version-history":[{"count":0,"href":"https:\/\/tipstudios.it\/es\/wp-json\/wp\/v2\/pages\/5088\/revisions"}],"wp:attachment":[{"href":"https:\/\/tipstudios.it\/es\/wp-json\/wp\/v2\/media?parent=5088"}],"curies":[{"name":"wp","href":"https:\/\/api.w.org\/{rel}","templated":true}]}}