{"id":2090,"date":"2021-12-21T11:11:37","date_gmt":"2021-12-21T11:11:37","guid":{"rendered":"https:\/\/tipstreetwear.it\/shop\/tip-shirt-marron\/"},"modified":"2025-08-01T00:01:04","modified_gmt":"2025-08-01T00:01:04","slug":"camiseta-marron","status":"publish","type":"product","link":"https:\/\/tipstudios.it\/es\/shop\/camiseta-marron\/","title":{"rendered":"TIP shirt marr\u00f3n"},"content":{"rendered":"<p>Camiseta de algod\u00f3n marr\u00f3n, vestibilidad oversize.<\/p>\n","protected":false},"excerpt":{"rendered":"<p>Camiseta de algod\u00f3n marr\u00f3n, vestibilidad oversize.<\/p>\n","protected":false},"featured_media":1731,"comment_status":"open","ping_status":"closed","template":"","meta":{"_acf_changed":false,"_et_pb_use_builder":"","_et_pb_old_content":"","_et_gb_content_width":""},"product_brand":[],"product_cat":[70,43],"product_tag":[],"class_list":{"0":"post-2090","1":"product","2":"type-product","3":"status-publish","4":"has-post-thumbnail","6":"product_cat-season-1-es","7":"product_cat-tip-shirt-es","9":"first","10":"instock","11":"taxable","12":"shipping-taxable","13":"purchasable","14":"product-type-variable","15":"has-default-attributes"},"acf":[],"_links":{"self":[{"href":"https:\/\/tipstudios.it\/es\/wp-json\/wp\/v2\/product\/2090","targetHints":{"allow":["GET"]}}],"collection":[{"href":"https:\/\/tipstudios.it\/es\/wp-json\/wp\/v2\/product"}],"about":[{"href":"https:\/\/tipstudios.it\/es\/wp-json\/wp\/v2\/types\/product"}],"replies":[{"embeddable":true,"href":"https:\/\/tipstudios.it\/es\/wp-json\/wp\/v2\/comments?post=2090"}],"wp:featuredmedia":[{"embeddable":true,"href":"https:\/\/tipstudios.it\/es\/wp-json\/wp\/v2\/media\/1731"}],"wp:attachment":[{"href":"https:\/\/tipstudios.it\/es\/wp-json\/wp\/v2\/media?parent=2090"}],"wp:term":[{"taxonomy":"product_brand","embeddable":true,"href":"https:\/\/tipstudios.it\/es\/wp-json\/wp\/v2\/product_brand?post=2090"},{"taxonomy":"product_cat","embeddable":true,"href":"https:\/\/tipstudios.it\/es\/wp-json\/wp\/v2\/product_cat?post=2090"},{"taxonomy":"product_tag","embeddable":true,"href":"https:\/\/tipstudios.it\/es\/wp-json\/wp\/v2\/product_tag?post=2090"}],"curies":[{"name":"wp","href":"https:\/\/api.w.org\/{rel}","templated":true}]}}