{"id":5949,"date":"2024-11-07T17:22:08","date_gmt":"2024-11-07T17:22:08","guid":{"rendered":"https:\/\/tipstudios.it\/shop\/chaqueta-negra\/"},"modified":"2024-11-07T17:22:08","modified_gmt":"2024-11-07T17:22:08","slug":"chaqueta-negra","status":"publish","type":"product","link":"https:\/\/tipstudios.it\/es\/shop\/chaqueta-negra\/","title":{"rendered":"Chaqueta negra"},"content":{"rendered":"<p>Afronta el invierno con elegancia y absoluta calidez gracias a esta chaqueta rellena de plum\u00f3n, dise\u00f1ada para ofrecer el m\u00e1ximo confort incluso en los d\u00edas m\u00e1s fr\u00edos. Confeccionada en negro cl\u00e1sico, esta prenda luce lujosos detalles como las inserciones de cuadros escoceses marfil, que le dan un toque de sofisticaci\u00f3n inimitable.<\/p>\n<p>La sastrer\u00eda y el logotipo acolchado demuestran la artesan\u00eda que se pone en cada detalle. Las cremalleras, con el logotipo grabado a l\u00e1ser en el tirador, a\u00f1aden un elemento de dise\u00f1o funcional y distintivo.<br \/>\nEl corte recortado ofrece un aspecto moderno y vers\u00e1til, ideal tanto para \u00e9l como para ella. Perfecta para quienes desean combinar estilo, comodidad y calidad durante la estaci\u00f3n fr\u00eda.    <\/p>\n","protected":false},"excerpt":{"rendered":"<p>Afronta el invierno con elegancia y absoluta calidez gracias a esta chaqueta rellena de plum\u00f3n, dise\u00f1ada para ofrecer el m\u00e1ximo confort incluso en los d\u00edas m\u00e1s fr\u00edos. Confeccionada en negro cl\u00e1sico, esta prenda luce lujosos detalles como las inserciones de cuadros escoceses marfil, que le dan un toque de sofisticaci\u00f3n inimitable. La sastrer\u00eda y el [&hellip;]<\/p>\n","protected":false},"featured_media":5735,"comment_status":"open","ping_status":"closed","template":"","meta":{"_acf_changed":false,"_et_pb_use_builder":"","_et_pb_old_content":"","_et_gb_content_width":""},"product_brand":[],"product_cat":[41,95],"product_tag":[],"class_list":{"0":"post-5949","1":"product","2":"type-product","3":"status-publish","4":"has-post-thumbnail","6":"product_cat-chaquetas","7":"product_cat-temporada-4","9":"first","10":"instock","11":"taxable","12":"shipping-taxable","13":"purchasable","14":"product-type-variable"},"acf":[],"_links":{"self":[{"href":"https:\/\/tipstudios.it\/es\/wp-json\/wp\/v2\/product\/5949","targetHints":{"allow":["GET"]}}],"collection":[{"href":"https:\/\/tipstudios.it\/es\/wp-json\/wp\/v2\/product"}],"about":[{"href":"https:\/\/tipstudios.it\/es\/wp-json\/wp\/v2\/types\/product"}],"replies":[{"embeddable":true,"href":"https:\/\/tipstudios.it\/es\/wp-json\/wp\/v2\/comments?post=5949"}],"wp:featuredmedia":[{"embeddable":true,"href":"https:\/\/tipstudios.it\/es\/wp-json\/wp\/v2\/media\/5735"}],"wp:attachment":[{"href":"https:\/\/tipstudios.it\/es\/wp-json\/wp\/v2\/media?parent=5949"}],"wp:term":[{"taxonomy":"product_brand","embeddable":true,"href":"https:\/\/tipstudios.it\/es\/wp-json\/wp\/v2\/product_brand?post=5949"},{"taxonomy":"product_cat","embeddable":true,"href":"https:\/\/tipstudios.it\/es\/wp-json\/wp\/v2\/product_cat?post=5949"},{"taxonomy":"product_tag","embeddable":true,"href":"https:\/\/tipstudios.it\/es\/wp-json\/wp\/v2\/product_tag?post=5949"}],"curies":[{"name":"wp","href":"https:\/\/api.w.org\/{rel}","templated":true}]}}