{"id":5964,"date":"2024-11-07T17:13:30","date_gmt":"2024-11-07T17:13:30","guid":{"rendered":"https:\/\/tipstudios.it\/shop\/chaqueta-verde\/"},"modified":"2024-11-07T17:13:30","modified_gmt":"2024-11-07T17:13:30","slug":"chaqueta-verde","status":"publish","type":"product","link":"https:\/\/tipstudios.it\/es\/shop\/chaqueta-verde\/","title":{"rendered":"Chaqueta verde"},"content":{"rendered":"<p>Descubre la chaqueta de tela unisex KONA, una obra maestra de versatilidad y dise\u00f1o contempor\u00e1neo.<\/p>\n<p>Su refinado color verde combina f\u00e1cilmente con cualquier atuendo, mientras que el forro acolchado garantiza comodidad y calidez durante los d\u00edas m\u00e1s frescos de entretiempo. Cada detalle de esta prenda se ha elaborado meticulosamente: desde el acabado entallado hasta el logotipo acolchado que a\u00f1ade un toque distintivo y elegante. La cremallera de n\u00edquel, adornada con el logotipo grabado a l\u00e1ser en el tirador de la cremallera, subraya la calidad superior del dise\u00f1o. Con un moderno corte recortado, esta chaqueta es perfecta para aquellos a los que les gusta expresar su estilo sin renunciar a la practicidad.<strong>Adecuada tanto para \u00e9l como para ella<\/strong>, es la prenda ideal para quienes buscan una mezcla de comodidad y tendencia.  <\/p>\n","protected":false},"excerpt":{"rendered":"<p>Descubre la chaqueta de tela unisex KONA, una obra maestra de versatilidad y dise\u00f1o contempor\u00e1neo. Su refinado color verde combina f\u00e1cilmente con cualquier atuendo, mientras que el forro acolchado garantiza comodidad y calidez durante los d\u00edas m\u00e1s frescos de entretiempo. Cada detalle de esta prenda se ha elaborado meticulosamente: desde el acabado entallado hasta el [&hellip;]<\/p>\n","protected":false},"featured_media":5730,"comment_status":"open","ping_status":"closed","template":"","meta":{"_acf_changed":false,"_et_pb_use_builder":"","_et_pb_old_content":"","_et_gb_content_width":""},"product_brand":[],"product_cat":[41,95],"product_tag":[],"class_list":{"0":"post-5964","1":"product","2":"type-product","3":"status-publish","4":"has-post-thumbnail","6":"product_cat-chaquetas","7":"product_cat-temporada-4","9":"first","10":"instock","11":"taxable","12":"shipping-taxable","13":"purchasable","14":"product-type-variable"},"acf":[],"_links":{"self":[{"href":"https:\/\/tipstudios.it\/es\/wp-json\/wp\/v2\/product\/5964","targetHints":{"allow":["GET"]}}],"collection":[{"href":"https:\/\/tipstudios.it\/es\/wp-json\/wp\/v2\/product"}],"about":[{"href":"https:\/\/tipstudios.it\/es\/wp-json\/wp\/v2\/types\/product"}],"replies":[{"embeddable":true,"href":"https:\/\/tipstudios.it\/es\/wp-json\/wp\/v2\/comments?post=5964"}],"wp:featuredmedia":[{"embeddable":true,"href":"https:\/\/tipstudios.it\/es\/wp-json\/wp\/v2\/media\/5730"}],"wp:attachment":[{"href":"https:\/\/tipstudios.it\/es\/wp-json\/wp\/v2\/media?parent=5964"}],"wp:term":[{"taxonomy":"product_brand","embeddable":true,"href":"https:\/\/tipstudios.it\/es\/wp-json\/wp\/v2\/product_brand?post=5964"},{"taxonomy":"product_cat","embeddable":true,"href":"https:\/\/tipstudios.it\/es\/wp-json\/wp\/v2\/product_cat?post=5964"},{"taxonomy":"product_tag","embeddable":true,"href":"https:\/\/tipstudios.it\/es\/wp-json\/wp\/v2\/product_tag?post=5964"}],"curies":[{"name":"wp","href":"https:\/\/api.w.org\/{rel}","templated":true}]}}