{"id":6096,"date":"2024-12-07T09:06:43","date_gmt":"2024-12-07T09:06:43","guid":{"rendered":"https:\/\/tipstudios.it\/shop\/gafas-de-sol-negras-clasicas\/"},"modified":"2024-12-06T10:05:50","modified_gmt":"2024-12-06T10:05:50","slug":"gafas-de-sol-negras-clasicas","status":"publish","type":"product","link":"https:\/\/tipstudios.it\/es\/shop\/gafas-de-sol-negras-clasicas\/","title":{"rendered":"Gafas de sol &#8211; Negras cl\u00e1sicas"},"content":{"rendered":"<p>Gafas de sol Tip Studios &#8211; <strong>El accesorio imprescindible para completar tu estilo<\/strong> Descubre las gafas de sol Tip Studios, el complemento perfecto para tu colecci\u00f3n de ropa. Con su dise\u00f1o rectangular atemporal y un estilo que mezcla <strong>modernidad<\/strong> y <strong>sofisticaci\u00f3n<\/strong>, estas gafas son un icono de la <strong>elegancia urbana<\/strong>. Fabricadas en <strong>policarbonato ultraligero<\/strong> y disponibles en dos variantes de color -el cl\u00e1sico negro y el sofisticado carey-, las gafas Tip Studios destacan por su versatilidad, ya que se adaptan a cualquier look, desde el informal de cada d\u00eda hasta los atuendos m\u00e1s sofisticados. Las lentes ahumadas de categor\u00eda 3 ofrecen una protecci\u00f3n UV del 100%, garantizando el confort visual y la seguridad durante tus d\u00edas al sol. Cada detalle refleja<strong>la artesan\u00eda italiana<\/strong>: desde el logotipo de Tip Studios grabado con precisi\u00f3n hasta la calidad superior de los materiales. Las gafas incluyen una funda blanda personalizada. Perfectas para<strong> aquellos a los que les gusta destacar<\/strong> con un estilo que habla por s\u00ed mismo: las gafas Tip Studios son m\u00e1s que un accesorio, son <strong>una declaraci\u00f3n de personalidad.<\/strong><\/p>\n<p>&nbsp;<\/p>\n","protected":false},"excerpt":{"rendered":"<p>Gafas de sol Tip Studios &#8211; El accesorio imprescindible para completar tu estilo Descubre las gafas de sol Tip Studios, el complemento perfecto para tu colecci\u00f3n de ropa. Con su dise\u00f1o rectangular atemporal y un estilo que mezcla modernidad y sofisticaci\u00f3n, estas gafas son un icono de la elegancia urbana. Fabricadas en policarbonato ultraligero y [&hellip;]<\/p>\n","protected":false},"featured_media":6060,"comment_status":"open","ping_status":"closed","template":"","meta":{"_acf_changed":false,"_et_pb_use_builder":"","_et_pb_old_content":"","_et_gb_content_width":""},"product_brand":[],"product_cat":[98,101],"product_tag":[],"class_list":{"0":"post-6096","1":"product","2":"type-product","3":"status-publish","4":"has-post-thumbnail","6":"product_cat-accesorios","7":"product_cat-gafas","9":"first","10":"instock","11":"taxable","12":"shipping-taxable","13":"purchasable","14":"product-type-simple"},"acf":[],"_links":{"self":[{"href":"https:\/\/tipstudios.it\/es\/wp-json\/wp\/v2\/product\/6096","targetHints":{"allow":["GET"]}}],"collection":[{"href":"https:\/\/tipstudios.it\/es\/wp-json\/wp\/v2\/product"}],"about":[{"href":"https:\/\/tipstudios.it\/es\/wp-json\/wp\/v2\/types\/product"}],"replies":[{"embeddable":true,"href":"https:\/\/tipstudios.it\/es\/wp-json\/wp\/v2\/comments?post=6096"}],"wp:featuredmedia":[{"embeddable":true,"href":"https:\/\/tipstudios.it\/es\/wp-json\/wp\/v2\/media\/6060"}],"wp:attachment":[{"href":"https:\/\/tipstudios.it\/es\/wp-json\/wp\/v2\/media?parent=6096"}],"wp:term":[{"taxonomy":"product_brand","embeddable":true,"href":"https:\/\/tipstudios.it\/es\/wp-json\/wp\/v2\/product_brand?post=6096"},{"taxonomy":"product_cat","embeddable":true,"href":"https:\/\/tipstudios.it\/es\/wp-json\/wp\/v2\/product_cat?post=6096"},{"taxonomy":"product_tag","embeddable":true,"href":"https:\/\/tipstudios.it\/es\/wp-json\/wp\/v2\/product_tag?post=6096"}],"curies":[{"name":"wp","href":"https:\/\/api.w.org\/{rel}","templated":true}]}}