{"id":6180,"date":"2024-12-07T09:06:34","date_gmt":"2024-12-07T09:06:34","guid":{"rendered":"https:\/\/tipstudios.it\/shop\/gorro-negro\/"},"modified":"2024-12-06T10:52:26","modified_gmt":"2024-12-06T10:52:26","slug":"gorro-negro","status":"publish","type":"product","link":"https:\/\/tipstudios.it\/es\/shop\/gorro-negro\/","title":{"rendered":"Gorro &#8211; Negro"},"content":{"rendered":"<p>Gorro Tip Studios &#8211; Estilo y comodidad <strong>Hecho en Italia<\/strong> Refinado y vers\u00e1til, el gorro Tip Studios es la mezcla perfecta de <strong>dise\u00f1o contempor\u00e1neo y artesan\u00eda de calidad<\/strong>. Fabricado con una suave mezcla de 50% de lana merina y 50% de hilo acr\u00edlico, ofrece un equilibrio ideal de comodidad, calidez y durabilidad. El estampado digital con acuarelas le da un toque \u00fanico,<strong> respetando el medio ambiente<\/strong> y realzando el <strong>estilo minimalista<\/strong> y moderno de la marca. Disponible en talla \u00fanica, est\u00e1 dise\u00f1ada para adaptarse a todos los looks y personalidades. Como todos nuestros productos, el sombrero Tip Studios es Made in Italy, s\u00edmbolo de excelencia y atenci\u00f3n al detalle. Completa tu atuendo con un accesorio que marque la diferencia.<br \/>\nD <strong>ESCRIPCI\u00d3N T\u00c9CNICA:<\/strong> Gorro doble (compo: 50% lana merina 50% acr\u00edlico) estampado digitalmente en acuarela.<\/p>\n","protected":false},"excerpt":{"rendered":"<p>Gorro Tip Studios &#8211; Estilo y comodidad Hecho en Italia Refinado y vers\u00e1til, el gorro Tip Studios es la mezcla perfecta de dise\u00f1o contempor\u00e1neo y artesan\u00eda de calidad. Fabricado con una suave mezcla de 50% de lana merina y 50% de hilo acr\u00edlico, ofrece un equilibrio ideal de comodidad, calidez y durabilidad. El estampado digital [&hellip;]<\/p>\n","protected":false},"featured_media":6176,"comment_status":"open","ping_status":"closed","template":"","meta":{"_acf_changed":false,"_et_pb_use_builder":"","_et_pb_old_content":"","_et_gb_content_width":""},"product_brand":[],"product_cat":[98,104],"product_tag":[],"class_list":{"0":"post-6180","1":"product","2":"type-product","3":"status-publish","4":"has-post-thumbnail","6":"product_cat-accesorios","7":"product_cat-gorro-beanie","9":"first","10":"instock","11":"taxable","12":"shipping-taxable","13":"purchasable","14":"product-type-simple"},"acf":[],"_links":{"self":[{"href":"https:\/\/tipstudios.it\/es\/wp-json\/wp\/v2\/product\/6180","targetHints":{"allow":["GET"]}}],"collection":[{"href":"https:\/\/tipstudios.it\/es\/wp-json\/wp\/v2\/product"}],"about":[{"href":"https:\/\/tipstudios.it\/es\/wp-json\/wp\/v2\/types\/product"}],"replies":[{"embeddable":true,"href":"https:\/\/tipstudios.it\/es\/wp-json\/wp\/v2\/comments?post=6180"}],"wp:featuredmedia":[{"embeddable":true,"href":"https:\/\/tipstudios.it\/es\/wp-json\/wp\/v2\/media\/6176"}],"wp:attachment":[{"href":"https:\/\/tipstudios.it\/es\/wp-json\/wp\/v2\/media?parent=6180"}],"wp:term":[{"taxonomy":"product_brand","embeddable":true,"href":"https:\/\/tipstudios.it\/es\/wp-json\/wp\/v2\/product_brand?post=6180"},{"taxonomy":"product_cat","embeddable":true,"href":"https:\/\/tipstudios.it\/es\/wp-json\/wp\/v2\/product_cat?post=6180"},{"taxonomy":"product_tag","embeddable":true,"href":"https:\/\/tipstudios.it\/es\/wp-json\/wp\/v2\/product_tag?post=6180"}],"curies":[{"name":"wp","href":"https:\/\/api.w.org\/{rel}","templated":true}]}}