{"id":6621,"date":"2025-06-02T11:21:58","date_gmt":"2025-06-02T11:21:58","guid":{"rendered":"https:\/\/tipstudios.it\/?post_type=product&#038;p=6621"},"modified":"2025-06-03T11:30:58","modified_gmt":"2025-06-03T11:30:58","slug":"toalla-de-playa","status":"publish","type":"product","link":"https:\/\/tipstudios.it\/es\/shop\/toalla-de-playa\/","title":{"rendered":"Toalla de playa"},"content":{"rendered":"<p>Estampado vintage con t\u00e9cnica de corrosi\u00f3n<br \/>\nLa confecci\u00f3n incluye un tratamiento antitorsi\u00f3n para evitar que la malla se deforme despu\u00e9s del lavado<\/p>\n<p><strong>Tama\u00f1o de la toalla de playa<\/strong><br \/>\n90cm X 155cm<\/p>\n","protected":false},"excerpt":{"rendered":"<p>Estampado vintage con t\u00e9cnica de corrosi\u00f3n La confecci\u00f3n incluye un tratamiento antitorsi\u00f3n para evitar que la malla se deforme despu\u00e9s del lavado Tama\u00f1o de la toalla de playa 90cm X 155cm<\/p>\n","protected":false},"featured_media":6791,"comment_status":"open","ping_status":"closed","template":"","meta":{"_acf_changed":false,"_et_pb_use_builder":"","_et_pb_old_content":"","_et_gb_content_width":""},"product_brand":[],"product_cat":[98,111],"product_tag":[],"class_list":{"0":"post-6621","1":"product","2":"type-product","3":"status-publish","4":"has-post-thumbnail","6":"product_cat-accesorios","7":"product_cat-sabor-a-mar","9":"first","10":"instock","11":"taxable","12":"shipping-taxable","13":"purchasable","14":"product-type-simple"},"acf":[],"_links":{"self":[{"href":"https:\/\/tipstudios.it\/es\/wp-json\/wp\/v2\/product\/6621","targetHints":{"allow":["GET"]}}],"collection":[{"href":"https:\/\/tipstudios.it\/es\/wp-json\/wp\/v2\/product"}],"about":[{"href":"https:\/\/tipstudios.it\/es\/wp-json\/wp\/v2\/types\/product"}],"replies":[{"embeddable":true,"href":"https:\/\/tipstudios.it\/es\/wp-json\/wp\/v2\/comments?post=6621"}],"wp:featuredmedia":[{"embeddable":true,"href":"https:\/\/tipstudios.it\/es\/wp-json\/wp\/v2\/media\/6791"}],"wp:attachment":[{"href":"https:\/\/tipstudios.it\/es\/wp-json\/wp\/v2\/media?parent=6621"}],"wp:term":[{"taxonomy":"product_brand","embeddable":true,"href":"https:\/\/tipstudios.it\/es\/wp-json\/wp\/v2\/product_brand?post=6621"},{"taxonomy":"product_cat","embeddable":true,"href":"https:\/\/tipstudios.it\/es\/wp-json\/wp\/v2\/product_cat?post=6621"},{"taxonomy":"product_tag","embeddable":true,"href":"https:\/\/tipstudios.it\/es\/wp-json\/wp\/v2\/product_tag?post=6621"}],"curies":[{"name":"wp","href":"https:\/\/api.w.org\/{rel}","templated":true}]}}